{"id":765,"date":"2017-08-30T12:25:21","date_gmt":"2017-08-30T10:25:21","guid":{"rendered":"http:\/\/www.rustimation.eu\/?page_id=765"},"modified":"2023-02-24T10:23:17","modified_gmt":"2023-02-24T09:23:17","slug":"impressum","status":"publish","type":"page","link":"https:\/\/www.rustimation.eu\/index.php\/impressum\/","title":{"rendered":"Impressum"},"content":{"rendered":"<p><img loading=\"lazy\" decoding=\"async\" class=\"alignnone wp-image-1265\" src=\"https:\/\/www.rustimation.eu\/wordpress\/wp-content\/uploads\/2020\/05\/impressum-1024x512.jpg\" alt=\"\" width=\"412\" height=\"206\" srcset=\"https:\/\/www.rustimation.eu\/wordpress\/wp-content\/uploads\/2020\/05\/impressum-1024x512.jpg 1024w, https:\/\/www.rustimation.eu\/wordpress\/wp-content\/uploads\/2020\/05\/impressum-300x150.jpg 300w, https:\/\/www.rustimation.eu\/wordpress\/wp-content\/uploads\/2020\/05\/impressum-768x384.jpg 768w, https:\/\/www.rustimation.eu\/wordpress\/wp-content\/uploads\/2020\/05\/impressum.jpg 1500w\" sizes=\"auto, (max-width: 412px) 100vw, 412px\" \/><\/p>\n<p>Diese Website dient nicht zu kommerziellen Zwecken. Sie dient nur zu pers\u00f6nlichen und famili\u00e4ren Zwecken gem\u00e4\u00df \u00a7 5 TMG und \u00a7 55 RSTV<\/p>\n<p><strong>Haftungsausschluss<\/strong><br \/>\nF\u00fcr den Inhalt hinter den hier angegebenen Links wird keine Haftung \u00fcbernommen. Bei der Erstellung von Links wurde sorgf\u00e4ltig darauf geachtet, dass sich nichts Unrechtes dahinter verbirgt. Jedoch k\u00f6nnen sich Domaininhaber \u00e4ndern und Inhalte im Netz schnell ge\u00e4ndert werden. Sollten Sie einen problematischen Link entdecken, bitte ich um eine pers\u00f6nliche Kontaktaufnahme. Ich werde dann den problematischen Link sofort entfernen. Gleiches gilt f\u00fcr bedenkliches Bild- oder Textmaterial auf meinen Seiten. Bitte nehmen Sie Kontakt mit mir auf. Ich werde mich umgehend darum k\u00fcmmern.<\/p>\n<p>Aufgrund des privaten Charakters des Blogs kann keinerlei Garantie f\u00fcr die Verf\u00fcgbarkeit gegeben werden. Ebenso kann keine Gew\u00e4hrleistung f\u00fcr die Richtigkeit der Beitr\u00e4ge \u00fcbernommen werden. Alle Beitr\u00e4ge wurden von mir recherchiert und verfasst und k\u00f6nnen frei f\u00fcr private Zwecke verwendet werden. Bei Verwendung in weiteren Webseiten, Blogs oder anderen Medien ist eine Quellenangabe mit Hinweis auf www.rustimation.eu erforderlich.<br \/>\nHier von mir verwendete, fremde Quellen sind enstprechend gekennzeichnet.<\/p>\n<p>Mein Blog wird auf einem Raspberry Pi 4B mit einer externen 480GB SSD Festplatte gehostet.<\/p>\n<p>\u00dcber Kommentare, Kritik, Anregungen und nat\u00fcrlich auch Lob freue ich mich immer.<\/p>\n","protected":false},"excerpt":{"rendered":"<p>Diese Website dient nicht zu kommerziellen Zwecken. Sie dient nur zu pers\u00f6nlichen und famili\u00e4ren Zwecken gem\u00e4\u00df \u00a7 5 TMG und \u00a7 55 RSTV Haftungsausschluss F\u00fcr den Inhalt hinter den hier angegebenen Links wird keine Haftung \u00fcbernommen. Bei der Erstellung von Links wurde sorgf\u00e4ltig darauf geachtet, dass sich nichts Unrechtes dahinter verbirgt. Jedoch k\u00f6nnen sich Domaininhaber &hellip; <a href=\"https:\/\/www.rustimation.eu\/index.php\/impressum\/\" class=\"more-link\"><span class=\"screen-reader-text\">Impressum<\/span> weiterlesen <span class=\"meta-nav\">&rarr;<\/span><\/a><\/p>\n","protected":false},"author":2,"featured_media":0,"parent":0,"menu_order":0,"comment_status":"closed","ping_status":"closed","template":"","meta":{"footnotes":""},"class_list":["post-765","page","type-page","status-publish","hentry"],"_links":{"self":[{"href":"https:\/\/www.rustimation.eu\/index.php\/wp-json\/wp\/v2\/pages\/765","targetHints":{"allow":["GET"]}}],"collection":[{"href":"https:\/\/www.rustimation.eu\/index.php\/wp-json\/wp\/v2\/pages"}],"about":[{"href":"https:\/\/www.rustimation.eu\/index.php\/wp-json\/wp\/v2\/types\/page"}],"author":[{"embeddable":true,"href":"https:\/\/www.rustimation.eu\/index.php\/wp-json\/wp\/v2\/users\/2"}],"replies":[{"embeddable":true,"href":"https:\/\/www.rustimation.eu\/index.php\/wp-json\/wp\/v2\/comments?post=765"}],"version-history":[{"count":1,"href":"https:\/\/www.rustimation.eu\/index.php\/wp-json\/wp\/v2\/pages\/765\/revisions"}],"predecessor-version":[{"id":2303,"href":"https:\/\/www.rustimation.eu\/index.php\/wp-json\/wp\/v2\/pages\/765\/revisions\/2303"}],"wp:attachment":[{"href":"https:\/\/www.rustimation.eu\/index.php\/wp-json\/wp\/v2\/media?parent=765"}],"curies":[{"name":"wp","href":"https:\/\/api.w.org\/{rel}","templated":true}]}}